{"id":29108,"date":"2023-10-18T14:49:54","date_gmt":"2023-10-18T12:49:54","guid":{"rendered":"https:\/\/petite-pose.plein.ch\/?page_id=29108"},"modified":"2025-08-12T13:55:03","modified_gmt":"2025-08-12T11:55:03","slug":"les-conditions","status":"publish","type":"page","link":"https:\/\/petite-pose.ch\/fr\/die-leistungen\/","title":{"rendered":"Les Conditions"},"content":{"rendered":"<p><strong>Inclus dans les frais de location:<\/strong><\/p>\n\n\n\n<ul class=\"wp-block-list\">\n<li>Draps et serviettes fournis<\/li>\n\n\n\n<li>M\u00e9nage apr\u00e8s le s\u00e9jour<\/li>\n\n\n\n<li>1 heure de m\u00e9nage pendant le s\u00e9jour \u2013 pour un s\u00e9jour de deux semaines et plus<\/li>\n\n\n\n<li>Jour et heure d\u2019arriv\u00e9e: dimanche \u00e0 15 heures<\/li>\n\n\n\n<li>Jour et heure de d\u00e9part: dimanche \u00e0 10h30 au plus tard<\/li>\n<\/ul>\n\n\n\n<p>La personne charg\u00e9e du gardiennage et de l\u2019entretien de la maison assure l\u2019accueil des locataires et la pr\u00e9sentation de l\u2019infrastructure \u00e0 disposition, ainsi que l\u2019\u00e9tat des lieux le jour du d\u00e9part. Les animaux ne sont pas admis.<\/p>\n\n\n\n<p><strong>Facturation s\u00e9par\u00e9e<\/strong><br>Les frais de chauffage \u00e9lectrique et les pellets, ainsi que les conversations\nt\u00e9l\u00e9phoniques et les t\u00e9l\u00e9chargements de films payants ne sont pas compris dans le\nprix de location. La facturation s\u2019effectuera apr\u00e8s le s\u00e9jour, d\u00e8s r\u00e9ception des relev\u00e9s\nEDF et Orange. Un po\u00eale \u00e0 pellets permet de chauffer la maison.<\/p>\n\n\n\n<p><strong>R\u00e8glement<\/strong><br>Le paiement de la location doit s\u2019effectuer un mois avant le d\u00e9but du s\u00e9jour.<br>Un acompte de 30% est demand\u00e9 comme garantie de r\u00e9servation \u00e0 la signature du contrat.<br>Lors de l\u2019annulation d\u2019une r\u00e9servation jusqu\u2019\u00e0 deux mois avant le s\u00e9jour r\u00e9serv\u00e9, la garantie n\u2019est pas restitu\u00e9e. Pass\u00e9 ce d\u00e9lai, le montant total de la location sera factur\u00e9.<\/p>\n\n\n\n<p><\/p>","protected":false},"excerpt":{"rendered":"<p>In den Mietkosten inbegriffen sind: Unsere Vertrauensperson vor Ort zeichnet verantwortlich f\u00fcr den Empfang, zeigt den Mietern die R\u00e4umlichkeiten und die zur Verf\u00fcgung stehende Infrastruktur. Sie stellt auch die Abnahme der R\u00e4umlichkeiten nach dem Ferienaufenthalt sicher. In den Mietkosten nicht inbegriffen sind:Die Kosten f\u00fcr Stromheizung und Pellets sowie f\u00fcr Telefonate und kostenpflichtige Filmdownloads sind nicht [&hellip;]<\/p>\n","protected":false},"author":2,"featured_media":29014,"parent":0,"menu_order":0,"comment_status":"closed","ping_status":"closed","template":"","meta":{"footnotes":""},"class_list":["post-29108","page","type-page","status-publish","has-post-thumbnail","hentry"],"yoast_head":"<!-- This site is optimized with the Yoast SEO plugin v27.0 - https:\/\/yoast.com\/product\/yoast-seo-wordpress\/ -->\n<title>Die Leistungen - Petite Pose<\/title>\n<meta name=\"robots\" content=\"index, follow, max-snippet:-1, max-image-preview:large, max-video-preview:-1\" \/>\n<link rel=\"canonical\" href=\"https:\/\/petite-pose.ch\/fr\/les-conditions\/\" \/>\n<meta property=\"og:locale\" content=\"fr_FR\" \/>\n<meta property=\"og:type\" content=\"article\" \/>\n<meta property=\"og:title\" content=\"Die Leistungen - Petite Pose\" \/>\n<meta property=\"og:description\" content=\"In den Mietkosten inbegriffen sind: Unsere Vertrauensperson vor Ort zeichnet verantwortlich f\u00fcr den Empfang, zeigt den Mietern die R\u00e4umlichkeiten und die zur Verf\u00fcgung stehende Infrastruktur. Sie stellt auch die Abnahme der R\u00e4umlichkeiten nach dem Ferienaufenthalt sicher. In den Mietkosten nicht inbegriffen sind:Die Kosten f\u00fcr Stromheizung und Pellets sowie f\u00fcr Telefonate und kostenpflichtige Filmdownloads sind nicht [&hellip;]\" \/>\n<meta property=\"og:url\" content=\"https:\/\/petite-pose.ch\/fr\/les-conditions\/\" \/>\n<meta property=\"og:site_name\" content=\"Petite Pose\" \/>\n<meta property=\"article:modified_time\" content=\"2025-08-12T11:55:03+00:00\" \/>\n<meta property=\"og:image\" content=\"https:\/\/petite-pose.ch\/wp-content\/uploads\/2023\/10\/Baronnies-provencales.jpeg\" \/>\n\t<meta property=\"og:image:width\" content=\"1600\" \/>\n\t<meta property=\"og:image:height\" content=\"460\" \/>\n\t<meta property=\"og:image:type\" content=\"image\/jpeg\" \/>\n<meta name=\"twitter:card\" content=\"summary_large_image\" \/>\n<meta name=\"twitter:label1\" content=\"Dur\u00e9e de lecture estim\u00e9e\" \/>\n\t<meta name=\"twitter:data1\" content=\"2 minutes\" \/>\n<script type=\"application\/ld+json\" class=\"yoast-schema-graph\">{\"@context\":\"https:\/\/schema.org\",\"@graph\":[{\"@type\":\"WebPage\",\"@id\":\"https:\/\/petite-pose.ch\/die-leistungen\/\",\"url\":\"https:\/\/petite-pose.ch\/die-leistungen\/\",\"name\":\"Die Leistungen - Petite Pose\",\"isPartOf\":{\"@id\":\"https:\/\/petite-pose.ch\/#website\"},\"primaryImageOfPage\":{\"@id\":\"https:\/\/petite-pose.ch\/die-leistungen\/#primaryimage\"},\"image\":{\"@id\":\"https:\/\/petite-pose.ch\/die-leistungen\/#primaryimage\"},\"thumbnailUrl\":\"https:\/\/petite-pose.ch\/wp-content\/uploads\/2023\/10\/Baronnies-provencales.jpeg\",\"datePublished\":\"2023-10-18T12:49:54+00:00\",\"dateModified\":\"2025-08-12T11:55:03+00:00\",\"breadcrumb\":{\"@id\":\"https:\/\/petite-pose.ch\/die-leistungen\/#breadcrumb\"},\"inLanguage\":\"fr-FR\",\"potentialAction\":[{\"@type\":\"ReadAction\",\"target\":[\"https:\/\/petite-pose.ch\/die-leistungen\/\"]}]},{\"@type\":\"ImageObject\",\"inLanguage\":\"fr-FR\",\"@id\":\"https:\/\/petite-pose.ch\/die-leistungen\/#primaryimage\",\"url\":\"https:\/\/petite-pose.ch\/wp-content\/uploads\/2023\/10\/Baronnies-provencales.jpeg\",\"contentUrl\":\"https:\/\/petite-pose.ch\/wp-content\/uploads\/2023\/10\/Baronnies-provencales.jpeg\",\"width\":1600,\"height\":460,\"caption\":\"Region Baronnies Proven\u00e7ales\"},{\"@type\":\"BreadcrumbList\",\"@id\":\"https:\/\/petite-pose.ch\/die-leistungen\/#breadcrumb\",\"itemListElement\":[{\"@type\":\"ListItem\",\"position\":1,\"name\":\"Startseite\",\"item\":\"https:\/\/petite-pose.ch\/\"},{\"@type\":\"ListItem\",\"position\":2,\"name\":\"Die Leistungen\"}]},{\"@type\":\"WebSite\",\"@id\":\"https:\/\/petite-pose.ch\/#website\",\"url\":\"https:\/\/petite-pose.ch\/\",\"name\":\"Petite Pose\",\"description\":\"\",\"alternateName\":\"\u201eLa petite pose\u201c ist ideal gelegen. In Gehdistanz zur n\u00e4chstgelegen Ortschaft, Buis-les-Baronnies, ohne direkte Nachbarschaft und doch nicht isoliert. Insgesamt finden 5 Personen bequem Platz in \u201ela petite pose\u201c.\",\"potentialAction\":[{\"@type\":\"SearchAction\",\"target\":{\"@type\":\"EntryPoint\",\"urlTemplate\":\"https:\/\/petite-pose.ch\/?s={search_term_string}\"},\"query-input\":{\"@type\":\"PropertyValueSpecification\",\"valueRequired\":true,\"valueName\":\"search_term_string\"}}],\"inLanguage\":\"fr-FR\"}]}<\/script>\n<!-- \/ Yoast SEO plugin. -->","yoast_head_json":{"title":"Die Leistungen - Petite Pose","robots":{"index":"index","follow":"follow","max-snippet":"max-snippet:-1","max-image-preview":"max-image-preview:large","max-video-preview":"max-video-preview:-1"},"canonical":"https:\/\/petite-pose.ch\/fr\/les-conditions\/","og_locale":"fr_FR","og_type":"article","og_title":"Die Leistungen - Petite Pose","og_description":"In den Mietkosten inbegriffen sind: Unsere Vertrauensperson vor Ort zeichnet verantwortlich f\u00fcr den Empfang, zeigt den Mietern die R\u00e4umlichkeiten und die zur Verf\u00fcgung stehende Infrastruktur. Sie stellt auch die Abnahme der R\u00e4umlichkeiten nach dem Ferienaufenthalt sicher. In den Mietkosten nicht inbegriffen sind:Die Kosten f\u00fcr Stromheizung und Pellets sowie f\u00fcr Telefonate und kostenpflichtige Filmdownloads sind nicht [&hellip;]","og_url":"https:\/\/petite-pose.ch\/fr\/les-conditions\/","og_site_name":"Petite Pose","article_modified_time":"2025-08-12T11:55:03+00:00","og_image":[{"width":1600,"height":460,"url":"https:\/\/petite-pose.ch\/wp-content\/uploads\/2023\/10\/Baronnies-provencales.jpeg","type":"image\/jpeg"}],"twitter_card":"summary_large_image","twitter_misc":{"Dur\u00e9e de lecture estim\u00e9e":"2 minutes"},"schema":{"@context":"https:\/\/schema.org","@graph":[{"@type":"WebPage","@id":"https:\/\/petite-pose.ch\/die-leistungen\/","url":"https:\/\/petite-pose.ch\/die-leistungen\/","name":"Die Leistungen - Petite Pose","isPartOf":{"@id":"https:\/\/petite-pose.ch\/#website"},"primaryImageOfPage":{"@id":"https:\/\/petite-pose.ch\/die-leistungen\/#primaryimage"},"image":{"@id":"https:\/\/petite-pose.ch\/die-leistungen\/#primaryimage"},"thumbnailUrl":"https:\/\/petite-pose.ch\/wp-content\/uploads\/2023\/10\/Baronnies-provencales.jpeg","datePublished":"2023-10-18T12:49:54+00:00","dateModified":"2025-08-12T11:55:03+00:00","breadcrumb":{"@id":"https:\/\/petite-pose.ch\/die-leistungen\/#breadcrumb"},"inLanguage":"fr-FR","potentialAction":[{"@type":"ReadAction","target":["https:\/\/petite-pose.ch\/die-leistungen\/"]}]},{"@type":"ImageObject","inLanguage":"fr-FR","@id":"https:\/\/petite-pose.ch\/die-leistungen\/#primaryimage","url":"https:\/\/petite-pose.ch\/wp-content\/uploads\/2023\/10\/Baronnies-provencales.jpeg","contentUrl":"https:\/\/petite-pose.ch\/wp-content\/uploads\/2023\/10\/Baronnies-provencales.jpeg","width":1600,"height":460,"caption":"Region Baronnies Proven\u00e7ales"},{"@type":"BreadcrumbList","@id":"https:\/\/petite-pose.ch\/die-leistungen\/#breadcrumb","itemListElement":[{"@type":"ListItem","position":1,"name":"Startseite","item":"https:\/\/petite-pose.ch\/"},{"@type":"ListItem","position":2,"name":"Die Leistungen"}]},{"@type":"WebSite","@id":"https:\/\/petite-pose.ch\/#website","url":"https:\/\/petite-pose.ch\/","name":"Petite Pose","description":"","alternateName":"\u201eLa petite pose\u201c ist ideal gelegen. In Gehdistanz zur n\u00e4chstgelegen Ortschaft, Buis-les-Baronnies, ohne direkte Nachbarschaft und doch nicht isoliert. Insgesamt finden 5 Personen bequem Platz in \u201ela petite pose\u201c.","potentialAction":[{"@type":"SearchAction","target":{"@type":"EntryPoint","urlTemplate":"https:\/\/petite-pose.ch\/?s={search_term_string}"},"query-input":{"@type":"PropertyValueSpecification","valueRequired":true,"valueName":"search_term_string"}}],"inLanguage":"fr-FR"}]}},"_links":{"self":[{"href":"https:\/\/petite-pose.ch\/fr\/wp-json\/wp\/v2\/pages\/29108","targetHints":{"allow":["GET"]}}],"collection":[{"href":"https:\/\/petite-pose.ch\/fr\/wp-json\/wp\/v2\/pages"}],"about":[{"href":"https:\/\/petite-pose.ch\/fr\/wp-json\/wp\/v2\/types\/page"}],"author":[{"embeddable":true,"href":"https:\/\/petite-pose.ch\/fr\/wp-json\/wp\/v2\/users\/2"}],"replies":[{"embeddable":true,"href":"https:\/\/petite-pose.ch\/fr\/wp-json\/wp\/v2\/comments?post=29108"}],"version-history":[{"count":2,"href":"https:\/\/petite-pose.ch\/fr\/wp-json\/wp\/v2\/pages\/29108\/revisions"}],"predecessor-version":[{"id":29353,"href":"https:\/\/petite-pose.ch\/fr\/wp-json\/wp\/v2\/pages\/29108\/revisions\/29353"}],"wp:featuredmedia":[{"embeddable":true,"href":"https:\/\/petite-pose.ch\/fr\/wp-json\/wp\/v2\/media\/29014"}],"wp:attachment":[{"href":"https:\/\/petite-pose.ch\/fr\/wp-json\/wp\/v2\/media?parent=29108"}],"curies":[{"name":"wp","href":"https:\/\/api.w.org\/{rel}","templated":true}]}}