{"id":29090,"date":"2023-10-18T14:44:43","date_gmt":"2023-10-18T12:44:43","guid":{"rendered":"https:\/\/petite-pose.plein.ch\/?page_id=29090"},"modified":"2024-09-08T10:22:04","modified_gmt":"2024-09-08T08:22:04","slug":"feedbacks","status":"publish","type":"page","link":"https:\/\/petite-pose.ch\/fr\/feedbacks\/","title":{"rendered":"Les feedbacks"},"content":{"rendered":"<p>\u00ab Grande pause estivale \u00e0 la Petite Pose, havre de paix non loin du village. Maison tr\u00e8s fonctionnelle et bien \u00e9quip\u00e9e, espace piscine bien pens\u00e9 \u00e0 l'abri des regards et terrain de p\u00e9tanque typique du charme local. Plusieurs terrasses jouent avec les rayons du soleil et le barbecue r\u00e9pond aux attentes du jardin aromatique\u2026 pour le plus grand plaisir des gourmands. Enfin, un accueil des plus agr\u00e9ables r\u00e9serv\u00e9 par les propri\u00e9taires. \u00bb<\/p>\n\n\n\n<p>M.-P. + P. S. de L.<\/p>\n\n\n\n<p>\u00ab S\u00e9jour d\u2019une semaine \u00e0 la Petite Pose en juillet. Havre de paix, l\u2019endroit est parfait pour l\u00e2cher prise et se ressourcer. Nous y avons s\u00e9journ\u00e9 avec bonheur \u00e0 cinq, deux quinquag\u00e9naires et trois jeunes adultes. La maison offre suffisamment de place, tant \u00e0 l\u2019int\u00e9rieur qu\u2019\u00e0 l\u2019ext\u00e9rieur. L\u2019immense jardin, sans vis-\u00e0-vis, est joliment am\u00e9nag\u00e9, bien entretenu, tout en gardant son authenticit\u00e9. Champ de lavande, arbres fruitiers et fleurs en tous genres se c\u00f4toient harmonieusement. La piscine, avec son pool-house parfaitement \u00e9quip\u00e9, invite \u00e0 l\u00e9zarder dans le plus grand confort. Nous avons tout aim\u00e9 \u00e0 la Petite Pose et esp\u00e9rons bien revenir un jour. \u00bb<\/p>\n\n\n\n<p>C. + JC. G. de V.<\/p>\n\n\n\n<p>\u00ab Quelques exp\u00e9riences malheureuses v\u00e9cues dans la r\u00e9gion d'Avignon et de Grignan teintaient notre projet de vacances annuelles d'un voile d'appr\u00e9hension, quand bien m\u00eame la documentation consacr\u00e9e \u00e0 La petite pose est parfaitement convaincante et pr\u00e9sente une approche d\u00e9taill\u00e9e, nette et pr\u00e9cise.\nEn effet, le dimanche 21 juillet fut un excellent moment de d\u00e9couverte et a balay\u00e9 d'un coup de vent d'\u00e9ventuels doutes ou pr\u00e9jug\u00e9s \u00e9ventuellement encore pr\u00e9sents au carrefour de Boll\u00e8ne.\nD\u00e9couvrir La petite pose, son domaine, ses espaces et sa demeure est particuli\u00e8rement lib\u00e9rateur: d'embl\u00e9e, on per\u00e7oit que tout est juste, jusqu'au moindre d\u00e9tail pour quiconque sait appr\u00e9cier le soin apport\u00e9 \u00e0 la d\u00e9coration et aux installations, on per\u00e7oit les bonnes intentions. De fait, on se laisse guider d\u00e8s l'installation sans se poser de questions inutiles, sans chercher ni o\u00f9, ni quoi et encore moins comment. L\u00e0 derri\u00e8re se cache une rare ma\u00eetrise de l'accueil, autant de signes intelligemment organis\u00e9s et rassembl\u00e9s pour que l'on se sente chez soi, au fil des premi\u00e8res heures, dans le calme et la s\u00e9r\u00e9nit\u00e9, que l\u2019on retrouve sans plus attendre et \u00e0 quelques pas dans l\u2019espace extr\u00eamement bien am\u00e9nag\u00e9 de la piscine priv\u00e9e \u2026 Un sentiment de bien-\u00eatre d\u00e9licieux, propice \u00e0 une vraie d\u00e9tente ! Sans compter avec l\u2019accueil de Madame Aaziza, toujours disponible en cas de besoin, et le soin apport\u00e9 \u00e0 l\u2019entretien de la piscine \u2026 \u00bb<\/p>\n\n\n\n<p>D.N. et C.L. de M.<\/p>\n\n\n\n<p>\"C'est la troisi\u00e8me fois que nous venons \u00e0 \"la petite pose\" cette ann\u00e9e. C'est une propri\u00e9t\u00e9 bien entretenue. L'endroit nous offre le calme et la possibilit\u00e9 de nous retirer. Le village est anim\u00e9 et accessible \u00e0 pied.<br>Faire de la randonn\u00e9e et du v\u00e9lo dans un paysage intact. Si vous appr\u00e9ciez cela, vous \u00eates ici entre de bonnes mains\" !&nbsp;<\/p>\n\n\n\n<p>Manuela + Denny de W.<\/p>\n\n\n\n<p>\"La maison de vacances \"la petite pose\" est un bijou absolu, une oasis avec d'innombrables endroits o\u00f9 se retirer. Savourer un BBQ pr\u00e8s de l'arbre, admirer le coucher de soleil depuis la grande terrasse, \u00e9couter les grillons avec un verre de vin sur le balcon, faire une partie de p\u00e9tanque sur son propre terrain ou se rafra\u00eechir dans la \"piscine priv\u00e9e\" avec pool house. Tout cela, c'est du luxe \u00e0 l'\u00e9tat pur\".<\/p>\n\n\n\n<p>Gerrit + Barbara de W.<\/p>","protected":false},"excerpt":{"rendered":"<p>&#8222;Das riesige Grundst\u00fcck, das sehr geschmackvolle und hochwertige Interieur, die wunderbare Aussicht und der fantastische Pool mit dem Nebengeb\u00e4ude, das hat all unsere Wunschvorstellungen, die man an ein Ferienhaus haben kann, \u00fcbertroffen.&#8220; Familie L. B. aus Dornach \u201eSch\u00f6n war\u2019s, eindr\u00fccklich war\u2019s, erholsam war\u2019s, ruhig war\u2019s, stimmungsvoll war\u2019s, fein war\u2019s! Das die Kurzform einer tollen Woche [&hellip;]<\/p>\n","protected":false},"author":1,"featured_media":29070,"parent":0,"menu_order":0,"comment_status":"closed","ping_status":"closed","template":"","meta":{"footnotes":""},"class_list":["post-29090","page","type-page","status-publish","has-post-thumbnail","hentry"],"yoast_head":"<!-- This site is optimized with the Yoast SEO plugin v27.0 - https:\/\/yoast.com\/product\/yoast-seo-wordpress\/ -->\n<title>Die Feedbacks - Petite Pose<\/title>\n<meta name=\"robots\" content=\"index, follow, max-snippet:-1, max-image-preview:large, max-video-preview:-1\" \/>\n<link rel=\"canonical\" href=\"https:\/\/petite-pose.ch\/fr\/feedbacks\/\" \/>\n<meta property=\"og:locale\" content=\"fr_FR\" \/>\n<meta property=\"og:type\" content=\"article\" \/>\n<meta property=\"og:title\" content=\"Die Feedbacks - Petite Pose\" \/>\n<meta property=\"og:description\" content=\"&#8222;Das riesige Grundst\u00fcck, das sehr geschmackvolle und hochwertige Interieur, die wunderbare Aussicht und der fantastische Pool mit dem Nebengeb\u00e4ude, das hat all unsere Wunschvorstellungen, die man an ein Ferienhaus haben kann, \u00fcbertroffen.&#8220; Familie L. B. aus Dornach \u201eSch\u00f6n war\u2019s, eindr\u00fccklich war\u2019s, erholsam war\u2019s, ruhig war\u2019s, stimmungsvoll war\u2019s, fein war\u2019s! Das die Kurzform einer tollen Woche [&hellip;]\" \/>\n<meta property=\"og:url\" content=\"https:\/\/petite-pose.ch\/fr\/feedbacks\/\" \/>\n<meta property=\"og:site_name\" content=\"Petite Pose\" \/>\n<meta property=\"article:modified_time\" content=\"2024-09-08T08:22:04+00:00\" \/>\n<meta property=\"og:image\" content=\"https:\/\/petite-pose.ch\/wp-content\/uploads\/2023\/10\/RWE2731-web-scaled.jpeg\" \/>\n\t<meta property=\"og:image:width\" content=\"2560\" \/>\n\t<meta property=\"og:image:height\" content=\"1709\" \/>\n\t<meta property=\"og:image:type\" content=\"image\/jpeg\" \/>\n<meta name=\"twitter:card\" content=\"summary_large_image\" \/>\n<meta name=\"twitter:label1\" content=\"Dur\u00e9e de lecture estim\u00e9e\" \/>\n\t<meta name=\"twitter:data1\" content=\"2 minutes\" \/>\n<script type=\"application\/ld+json\" class=\"yoast-schema-graph\">{\"@context\":\"https:\/\/schema.org\",\"@graph\":[{\"@type\":\"WebPage\",\"@id\":\"https:\/\/petite-pose.ch\/feedbacks\/\",\"url\":\"https:\/\/petite-pose.ch\/feedbacks\/\",\"name\":\"Die Feedbacks - Petite Pose\",\"isPartOf\":{\"@id\":\"https:\/\/petite-pose.ch\/#website\"},\"primaryImageOfPage\":{\"@id\":\"https:\/\/petite-pose.ch\/feedbacks\/#primaryimage\"},\"image\":{\"@id\":\"https:\/\/petite-pose.ch\/feedbacks\/#primaryimage\"},\"thumbnailUrl\":\"https:\/\/petite-pose.ch\/wp-content\/uploads\/2023\/10\/RWE2731-web-scaled.jpeg\",\"datePublished\":\"2023-10-18T12:44:43+00:00\",\"dateModified\":\"2024-09-08T08:22:04+00:00\",\"breadcrumb\":{\"@id\":\"https:\/\/petite-pose.ch\/feedbacks\/#breadcrumb\"},\"inLanguage\":\"fr-FR\",\"potentialAction\":[{\"@type\":\"ReadAction\",\"target\":[\"https:\/\/petite-pose.ch\/feedbacks\/\"]}]},{\"@type\":\"ImageObject\",\"inLanguage\":\"fr-FR\",\"@id\":\"https:\/\/petite-pose.ch\/feedbacks\/#primaryimage\",\"url\":\"https:\/\/petite-pose.ch\/wp-content\/uploads\/2023\/10\/RWE2731-web-scaled.jpeg\",\"contentUrl\":\"https:\/\/petite-pose.ch\/wp-content\/uploads\/2023\/10\/RWE2731-web-scaled.jpeg\",\"width\":2560,\"height\":1709},{\"@type\":\"BreadcrumbList\",\"@id\":\"https:\/\/petite-pose.ch\/feedbacks\/#breadcrumb\",\"itemListElement\":[{\"@type\":\"ListItem\",\"position\":1,\"name\":\"Startseite\",\"item\":\"https:\/\/petite-pose.ch\/\"},{\"@type\":\"ListItem\",\"position\":2,\"name\":\"Die Feedbacks\"}]},{\"@type\":\"WebSite\",\"@id\":\"https:\/\/petite-pose.ch\/#website\",\"url\":\"https:\/\/petite-pose.ch\/\",\"name\":\"Petite Pose\",\"description\":\"\",\"alternateName\":\"\u201eLa petite pose\u201c ist ideal gelegen. In Gehdistanz zur n\u00e4chstgelegen Ortschaft, Buis-les-Baronnies, ohne direkte Nachbarschaft und doch nicht isoliert. Insgesamt finden 5 Personen bequem Platz in \u201ela petite pose\u201c.\",\"potentialAction\":[{\"@type\":\"SearchAction\",\"target\":{\"@type\":\"EntryPoint\",\"urlTemplate\":\"https:\/\/petite-pose.ch\/?s={search_term_string}\"},\"query-input\":{\"@type\":\"PropertyValueSpecification\",\"valueRequired\":true,\"valueName\":\"search_term_string\"}}],\"inLanguage\":\"fr-FR\"}]}<\/script>\n<!-- \/ Yoast SEO plugin. -->","yoast_head_json":{"title":"Die Feedbacks - Petite Pose","robots":{"index":"index","follow":"follow","max-snippet":"max-snippet:-1","max-image-preview":"max-image-preview:large","max-video-preview":"max-video-preview:-1"},"canonical":"https:\/\/petite-pose.ch\/fr\/feedbacks\/","og_locale":"fr_FR","og_type":"article","og_title":"Die Feedbacks - Petite Pose","og_description":"&#8222;Das riesige Grundst\u00fcck, das sehr geschmackvolle und hochwertige Interieur, die wunderbare Aussicht und der fantastische Pool mit dem Nebengeb\u00e4ude, das hat all unsere Wunschvorstellungen, die man an ein Ferienhaus haben kann, \u00fcbertroffen.&#8220; Familie L. B. aus Dornach \u201eSch\u00f6n war\u2019s, eindr\u00fccklich war\u2019s, erholsam war\u2019s, ruhig war\u2019s, stimmungsvoll war\u2019s, fein war\u2019s! Das die Kurzform einer tollen Woche [&hellip;]","og_url":"https:\/\/petite-pose.ch\/fr\/feedbacks\/","og_site_name":"Petite Pose","article_modified_time":"2024-09-08T08:22:04+00:00","og_image":[{"width":2560,"height":1709,"url":"https:\/\/petite-pose.ch\/wp-content\/uploads\/2023\/10\/RWE2731-web-scaled.jpeg","type":"image\/jpeg"}],"twitter_card":"summary_large_image","twitter_misc":{"Dur\u00e9e de lecture estim\u00e9e":"2 minutes"},"schema":{"@context":"https:\/\/schema.org","@graph":[{"@type":"WebPage","@id":"https:\/\/petite-pose.ch\/feedbacks\/","url":"https:\/\/petite-pose.ch\/feedbacks\/","name":"Die Feedbacks - Petite Pose","isPartOf":{"@id":"https:\/\/petite-pose.ch\/#website"},"primaryImageOfPage":{"@id":"https:\/\/petite-pose.ch\/feedbacks\/#primaryimage"},"image":{"@id":"https:\/\/petite-pose.ch\/feedbacks\/#primaryimage"},"thumbnailUrl":"https:\/\/petite-pose.ch\/wp-content\/uploads\/2023\/10\/RWE2731-web-scaled.jpeg","datePublished":"2023-10-18T12:44:43+00:00","dateModified":"2024-09-08T08:22:04+00:00","breadcrumb":{"@id":"https:\/\/petite-pose.ch\/feedbacks\/#breadcrumb"},"inLanguage":"fr-FR","potentialAction":[{"@type":"ReadAction","target":["https:\/\/petite-pose.ch\/feedbacks\/"]}]},{"@type":"ImageObject","inLanguage":"fr-FR","@id":"https:\/\/petite-pose.ch\/feedbacks\/#primaryimage","url":"https:\/\/petite-pose.ch\/wp-content\/uploads\/2023\/10\/RWE2731-web-scaled.jpeg","contentUrl":"https:\/\/petite-pose.ch\/wp-content\/uploads\/2023\/10\/RWE2731-web-scaled.jpeg","width":2560,"height":1709},{"@type":"BreadcrumbList","@id":"https:\/\/petite-pose.ch\/feedbacks\/#breadcrumb","itemListElement":[{"@type":"ListItem","position":1,"name":"Startseite","item":"https:\/\/petite-pose.ch\/"},{"@type":"ListItem","position":2,"name":"Die Feedbacks"}]},{"@type":"WebSite","@id":"https:\/\/petite-pose.ch\/#website","url":"https:\/\/petite-pose.ch\/","name":"Petite Pose","description":"","alternateName":"\u201eLa petite pose\u201c ist ideal gelegen. In Gehdistanz zur n\u00e4chstgelegen Ortschaft, Buis-les-Baronnies, ohne direkte Nachbarschaft und doch nicht isoliert. Insgesamt finden 5 Personen bequem Platz in \u201ela petite pose\u201c.","potentialAction":[{"@type":"SearchAction","target":{"@type":"EntryPoint","urlTemplate":"https:\/\/petite-pose.ch\/?s={search_term_string}"},"query-input":{"@type":"PropertyValueSpecification","valueRequired":true,"valueName":"search_term_string"}}],"inLanguage":"fr-FR"}]}},"_links":{"self":[{"href":"https:\/\/petite-pose.ch\/fr\/wp-json\/wp\/v2\/pages\/29090","targetHints":{"allow":["GET"]}}],"collection":[{"href":"https:\/\/petite-pose.ch\/fr\/wp-json\/wp\/v2\/pages"}],"about":[{"href":"https:\/\/petite-pose.ch\/fr\/wp-json\/wp\/v2\/types\/page"}],"author":[{"embeddable":true,"href":"https:\/\/petite-pose.ch\/fr\/wp-json\/wp\/v2\/users\/1"}],"replies":[{"embeddable":true,"href":"https:\/\/petite-pose.ch\/fr\/wp-json\/wp\/v2\/comments?post=29090"}],"version-history":[{"count":5,"href":"https:\/\/petite-pose.ch\/fr\/wp-json\/wp\/v2\/pages\/29090\/revisions"}],"predecessor-version":[{"id":29280,"href":"https:\/\/petite-pose.ch\/fr\/wp-json\/wp\/v2\/pages\/29090\/revisions\/29280"}],"wp:featuredmedia":[{"embeddable":true,"href":"https:\/\/petite-pose.ch\/fr\/wp-json\/wp\/v2\/media\/29070"}],"wp:attachment":[{"href":"https:\/\/petite-pose.ch\/fr\/wp-json\/wp\/v2\/media?parent=29090"}],"curies":[{"name":"wp","href":"https:\/\/api.w.org\/{rel}","templated":true}]}}