{"id":29012,"date":"2023-10-17T15:18:34","date_gmt":"2023-10-17T13:18:34","guid":{"rendered":"https:\/\/petite-pose.plein.ch\/?page_id=29012"},"modified":"2024-09-01T15:54:01","modified_gmt":"2024-09-01T13:54:01","slug":"region-baronnies-provencales","status":"publish","type":"page","link":"https:\/\/petite-pose.ch\/fr\/region-baronnies-provencales\/","title":{"rendered":"La r\u00e9gion"},"content":{"rendered":"<p>La r\u00e9gion des Baronnies Proven\u00e7ales est un paysage naturel ancestral dans la partie nord de la Provence. A l'\u00e9cart des grands flux touristiques, les Baronnies ont conserv\u00e9 une virginit\u00e9 enchanteresse, une authenticit\u00e9 et un charme particulier. Les paysages se succ\u00e8dent sur de courtes distances : vall\u00e9es charmantes, collines verdoyantes, rochers escarp\u00e9s, hauts plateaux sauvages. Et \u00e0 cela s'ajoute un climat m\u00e9diterran\u00e9en sec. Un terroir id\u00e9al pour les olives, la lavande, les abricots et la vigne.<\/p>\n\n\n\n<p>Buis-les-Baronnies est consid\u00e9r\u00e9 comme le chef-lieu de la r\u00e9gion et est le point de d\u00e9part id\u00e9al pour des randonn\u00e9es, des tours \u00e0 v\u00e9lo et des parcours d'escalade. Ce n'est que r\u00e9cemment que la plus longue via ferrata d'Europe a \u00e9t\u00e9 ouverte.<\/p>\n\n\n\n<h2 class=\"wp-block-heading\">La Provence<\/h2>\n\n\n\n<p>La Provence, trait d'union entre la M\u00e9diterran\u00e9e au sud et les Alpes au nord. Le ciel bleu azur, des paysages authentiques et typiques et un riche patrimoine culturel. Le chant des cigales, le parfum de la lavande et du thym. La douceur de la lumi\u00e8re et enfin la qualit\u00e9 de vie enviable, tous ces \u00e9l\u00e9ments font de la Provence la r\u00e9gion la plus visit\u00e9e de France.<\/p>\n\n\n\n<p>Le paysage vallonn\u00e9 et le climat m\u00e9diterran\u00e9en sont faits pour la culture de la vigne et des oliviers. Des produits issus de petites cultures de grande qualit\u00e9. Des cultures qui, \u00e0 leur tour, marquent fortement le paysage. Des paysages qui ont inspir\u00e9 des peintres comme C\u00e9zanne, Van Gogh, Chagall ou Giono.<\/p>\n\n\n\n<p>La Provence est aussi le th\u00e9\u00e2tre d'artistes comme Pagnol, Fernandel et Raimu. Ent\u00eat\u00e9 mais chaleureux - avec les dialogues humoristiques bien connus entre le pastis et la p\u00e9tanque. Un reflet de l'art de vivre proven\u00e7al.<\/p>\n\n\n\n<h2 class=\"wp-block-heading\">Baronnies Proven\u00e7ales<\/h2>\n\n\n\n<p>\"Les Baronnies Proven\u00e7ales\" - au nord de la Provence, au sud du Dauphin\u00e9, entre le Rh\u00f4ne et les Alpes. Une r\u00e9gion peu connue, voire un peu oubli\u00e9e, loin des grands axes. Des collines, parfois m\u00eame alpines, sillonn\u00e9es de petites routes et de sentiers. Des paysages qui changent rapidement. Tant\u00f4t d'une beaut\u00e9 unique et charmante, tant\u00f4t envelopp\u00e9s de myst\u00e8re. Les Baronnies - un \"m\u00e9tissage\" !<\/p>\n\n\n\n<p>Une r\u00e9gion qui fait en fait partie de la zone d'influence du Dauphin\u00e9, mais qui se sent rattach\u00e9e \u00e0 la Provence. Caract\u00e9ris\u00e9e par une agriculture \u00e0 petite \u00e9chelle, semblable \u00e0 une mosa\u00efque. Nich\u00e9e dans l'axe nord-sud entre deux cha\u00eenes de montagnes, le Diois et le Mont Ventoux. A l'est, la vall\u00e9e du Buech, \u00e0 l'ouest, les vignobles de la vall\u00e9e du Rh\u00f4ne. Le climat est similaire - fondamentalement m\u00e9diterran\u00e9en, mais avec de fortes ruptures. L'\u00e9t\u00e9 est souvent chaud avec un manque d'eau, l'hiver est parfois rude avec des temp\u00e9ratures qui peuvent descendre jusqu'\u00e0 moins 10\u00b0. Les fortes alternances entre les conditions m\u00e9diterran\u00e9ennes et alpines s'expriment \u00e9galement dans la v\u00e9g\u00e9tation. On y trouve des landes couvertes de thym (la garrigue), des for\u00eats de ch\u00eanes pubescents et des vergers (abricots, cerises, olives).<\/p>\n\n\n\n<p>La complexit\u00e9 des Baronnies tient beaucoup \u00e0 sa situation, \u00e0 son relief. Celui qui visite la r\u00e9gion pour la premi\u00e8re fois est surpris - d'une part par les falaises abruptes, qui donnent une impression presque alpine, d'autre part par le paysage charmant des vall\u00e9es, parfois aussi des plateaux. Une succession rapide. Reli\u00e9s par de petits cols. Les \"Baronnies Proven\u00e7ales\" ont obtenu d\u00e9but 2015 le label de qualit\u00e9 \"Parc naturel r\u00e9gional\".<\/p>\n\n\n\n<h2 class=\"wp-block-heading\">Buis-les-Baronnies<\/h2>\n\n\n\n<p>Buis-les-Baronnies est situ\u00e9 au bord de l'Ouv\u00e8ze et \u00e0 l'ombre du Mont Ventoux. A 370 m\u00e8tres d'altitude. A la sortie du village, les gorges de l'Ubrieu et le rocher Saint Julien. Tous deux sont des points fixes marquants. Climat m\u00e9diterran\u00e9en sec et chaud - un des endroits en France avec un nombre de jours ensoleill\u00e9s sup\u00e9rieur \u00e0 la moyenne. Bien qu'il ne compte que 2 400 habitants, le village a le caract\u00e8re d'une petite ville avec ses arcades et ses ruelles \u00e9troites. T\u00e9moin \u00e9galement d'un pass\u00e9 historique vari\u00e9. Buis-les-Baronnies figure \u00e9galement sur les deux itin\u00e9raires des Routes de l'Olivier et de la Lavande. En fl\u00e2nant dans la petite ville, on se rend compte de la richesse de la nature de la r\u00e9gion.<\/p>\n\n\n\n<h2 class=\"wp-block-heading\">Activit\u00e9s<\/h2>\n\n\n\n<p>La r\u00e9gion s\u00e9duit par son paysage unique. Des paysages agr\u00e9ables alternent avec une nature sauvage. De petites oliveraies et des vergers \u00e0 travers un terrain rocheux en terrasses. De la diversit\u00e9 \u00e0 l'\u00e9tat pur. C'est l'une des raisons pour lesquelles la r\u00e9gion a \u00e9t\u00e9 d\u00e9sign\u00e9e parc naturel r\u00e9gional en 2015. Buis-les-Baronnies constitue un point de d\u00e9part id\u00e9al pour visiter la Provence et certaines parties de la vall\u00e9e du Rh\u00f4ne. Par exemple Vaison la Romaine ou Avignon.<\/p>\n\n\n\n<p>La r\u00e9gion se pr\u00eate particuli\u00e8rement bien aux activit\u00e9s de plein air :&nbsp;<\/p>\n\n\n\n<ul class=\"wp-block-list\">\n<li>Randonn\u00e9es \u00e0 v\u00e9lo et \u00e0 VTT. Confortables ou plus exigeants. Buis les Baronnies dispose de nombreux parcours VTT. La r\u00e9gion est tr\u00e8s populaire parmi les cyclistes !<\/li>\n\n\n\n<li>Faire des randonn\u00e9es. Par exemple, en passant par les hauteurs des montagnes environnantes. Ou sous la forme d'une \u00e9tape partielle dans le cadre des itin\u00e9raires de grande randonn\u00e9e (Grande Randonn\u00e9e GR). Les itin\u00e9raires sont bien balis\u00e9s.<\/li>\n\n\n\n<li>Des randonn\u00e9es d'escalade. Depuis l'automne 2013, avec la plus longue via ferrata d'Europe. Exigeante, attrayante.<\/li>\n<\/ul>\n\n\n\n<p>Enfin, la r\u00e9gion s'efforce \u00e9galement de proposer une offre culturelle riche ann\u00e9e apr\u00e8s ann\u00e9e. Musique et th\u00e9\u00e2tre, en plein air bien s\u00fbr. Des expositions, comme par exemple les Peintres dans les Rues. Des mises en sc\u00e8ne comme Son et Lumi\u00e8re. Toujours avec le cachet particulier de la Provence !<\/p>\n\n\n\n<h2 class=\"wp-block-heading\">La Cigale<\/h2>\n\n\n\n<p>Le chant des cigales, associ\u00e9 aux jeux de boules, \u00e0 un verre de pastis et \u00e0 la sieste de midi \u00e0 l'ombre des ch\u00eanes, cr\u00e9e une ambiance unique. Caract\u00e9ristique de la vie dans le sud de la France. Toutefois, le chant de l'animal embl\u00e9matique de la Provence ne peut \u00eatre entendu que dans des conditions particuli\u00e8res : la temp\u00e9rature doit \u00eatre d'au moins 25 degr\u00e9s \u00e0 l'ombre. Et pas de bruits g\u00eanants \u00e0 proximit\u00e9 !<\/p>\n\n\n\n<p>Seules les cigales m\u00e2les \u00e9mettent des gazouillis pour attirer les femelles. Il s'agit donc d'une parade nuptiale. Le po\u00e8te et prix Nobel Fr\u00e9d\u00e9ric Mistral a fait de \"la Cigale\" le symbole de la Provence : \"Le soleil me fait chanter\".<\/p>\n\n\n\n<h2 class=\"wp-block-heading\">Arriv\u00e9e<\/h2>\n\n\n\n<p>La maison se trouve dans le triangle g\u00e9ographique Vaison-la-Romaine, Buis-les-Baronnies et le Mont Ventoux. La propri\u00e9t\u00e9 se trouve \u00e0 seulement 3 km du village le plus proche. On y trouve une offre vari\u00e9e de commerces, restaurants, petits bars, m\u00e9decins et un h\u00f4pital r\u00e9gional.<\/p>\n\n\n\n<ul class=\"wp-block-list\">\n<li>&nbsp;EN VOITURE : Autoroute A7 sortie Boll\u00e8ne<\/li>\n\n\n\n<li>&nbsp;PAR AVION : A\u00e9roports : Lyon-Satolas, Marseille-Provence, Avignon (70 km)<\/li>\n\n\n\n<li>&nbsp;PAR TRAIN : TGV, gare de Mont\u00e9limar, Orange ou Avignon<\/li>\n<\/ul>\n\n\n\n<p><strong>Distances<\/strong>:<br>&nbsp;Orange 50 km<br>&nbsp;Avignon 65 km<br>&nbsp;Vaison-la-Romaine 20 km<br>&nbsp;Mont Ventoux (sommet) 50 km<\/p>\n\n\n\n<figure class=\"wp-block-image size-full\"><img loading=\"lazy\" decoding=\"async\" width=\"498\" height=\"389\" src=\"https:\/\/petite-pose.ch\/wp-content\/uploads\/2023\/10\/Anreise_1.jpeg\" alt=\"\" class=\"wp-image-29100\" srcset=\"https:\/\/petite-pose.ch\/wp-content\/uploads\/2023\/10\/Anreise_1.jpeg 498w, https:\/\/petite-pose.ch\/wp-content\/uploads\/2023\/10\/Anreise_1-300x234.jpeg 300w\" sizes=\"auto, (max-width: 498px) 100vw, 498px\" \/><\/figure>\n\n\n\n<p><\/p>","protected":false},"excerpt":{"rendered":"<p>Die Region Baronnies Proven\u00e7ales ist eine urt\u00fcmliche Naturlandschaft im n\u00f6rdlichen Teil der Provence. Abseits der grossen Touristenstr\u00f6me haben les Baronnies eine zauberhafte Unber\u00fchrtheit, Echtheit und einen speziellen Charme bewahrt.&nbsp;Die Landschaftsbilder wechseln sich auf kurzen Distanzen ab: liebliche T\u00e4ler, gr\u00fcne H\u00fcgel, schroffe Felsen, wilde Hochebenen. Und dazu gesellt sich das mediterrane, trockene Klima. Ein ideales Terroir [&hellip;]<\/p>\n","protected":false},"author":1,"featured_media":29014,"parent":0,"menu_order":0,"comment_status":"closed","ping_status":"closed","template":"","meta":{"footnotes":""},"class_list":["post-29012","page","type-page","status-publish","has-post-thumbnail","hentry"],"yoast_head":"<!-- This site is optimized with the Yoast SEO plugin v27.0 - https:\/\/yoast.com\/product\/yoast-seo-wordpress\/ -->\n<title>Die Region - Petite Pose<\/title>\n<meta name=\"robots\" content=\"index, follow, max-snippet:-1, max-image-preview:large, max-video-preview:-1\" \/>\n<link rel=\"canonical\" href=\"https:\/\/petite-pose.ch\/fr\/region-baronnies-provencales\/\" \/>\n<meta property=\"og:locale\" content=\"fr_FR\" \/>\n<meta property=\"og:type\" content=\"article\" \/>\n<meta property=\"og:title\" content=\"Die Region - Petite Pose\" \/>\n<meta property=\"og:description\" content=\"Die Region Baronnies Proven\u00e7ales ist eine urt\u00fcmliche Naturlandschaft im n\u00f6rdlichen Teil der Provence. Abseits der grossen Touristenstr\u00f6me haben les Baronnies eine zauberhafte Unber\u00fchrtheit, Echtheit und einen speziellen Charme bewahrt.&nbsp;Die Landschaftsbilder wechseln sich auf kurzen Distanzen ab: liebliche T\u00e4ler, gr\u00fcne H\u00fcgel, schroffe Felsen, wilde Hochebenen. Und dazu gesellt sich das mediterrane, trockene Klima. Ein ideales Terroir [&hellip;]\" \/>\n<meta property=\"og:url\" content=\"https:\/\/petite-pose.ch\/fr\/region-baronnies-provencales\/\" \/>\n<meta property=\"og:site_name\" content=\"Petite Pose\" \/>\n<meta property=\"article:modified_time\" content=\"2024-09-01T13:54:01+00:00\" \/>\n<meta property=\"og:image\" content=\"https:\/\/petite-pose.ch\/wp-content\/uploads\/2023\/10\/Baronnies-provencales.jpeg\" \/>\n\t<meta property=\"og:image:width\" content=\"1600\" \/>\n\t<meta property=\"og:image:height\" content=\"460\" \/>\n\t<meta property=\"og:image:type\" content=\"image\/jpeg\" \/>\n<meta name=\"twitter:card\" content=\"summary_large_image\" \/>\n<meta name=\"twitter:label1\" content=\"Dur\u00e9e de lecture estim\u00e9e\" \/>\n\t<meta name=\"twitter:data1\" content=\"6 minutes\" \/>\n<script type=\"application\/ld+json\" class=\"yoast-schema-graph\">{\"@context\":\"https:\/\/schema.org\",\"@graph\":[{\"@type\":\"WebPage\",\"@id\":\"https:\/\/petite-pose.ch\/region-baronnies-provencales\/\",\"url\":\"https:\/\/petite-pose.ch\/region-baronnies-provencales\/\",\"name\":\"Die Region - Petite Pose\",\"isPartOf\":{\"@id\":\"https:\/\/petite-pose.ch\/#website\"},\"primaryImageOfPage\":{\"@id\":\"https:\/\/petite-pose.ch\/region-baronnies-provencales\/#primaryimage\"},\"image\":{\"@id\":\"https:\/\/petite-pose.ch\/region-baronnies-provencales\/#primaryimage\"},\"thumbnailUrl\":\"https:\/\/petite-pose.ch\/wp-content\/uploads\/2023\/10\/Baronnies-provencales.jpeg\",\"datePublished\":\"2023-10-17T13:18:34+00:00\",\"dateModified\":\"2024-09-01T13:54:01+00:00\",\"breadcrumb\":{\"@id\":\"https:\/\/petite-pose.ch\/region-baronnies-provencales\/#breadcrumb\"},\"inLanguage\":\"fr-FR\",\"potentialAction\":[{\"@type\":\"ReadAction\",\"target\":[\"https:\/\/petite-pose.ch\/region-baronnies-provencales\/\"]}]},{\"@type\":\"ImageObject\",\"inLanguage\":\"fr-FR\",\"@id\":\"https:\/\/petite-pose.ch\/region-baronnies-provencales\/#primaryimage\",\"url\":\"https:\/\/petite-pose.ch\/wp-content\/uploads\/2023\/10\/Baronnies-provencales.jpeg\",\"contentUrl\":\"https:\/\/petite-pose.ch\/wp-content\/uploads\/2023\/10\/Baronnies-provencales.jpeg\",\"width\":1600,\"height\":460,\"caption\":\"Region Baronnies Proven\u00e7ales\"},{\"@type\":\"BreadcrumbList\",\"@id\":\"https:\/\/petite-pose.ch\/region-baronnies-provencales\/#breadcrumb\",\"itemListElement\":[{\"@type\":\"ListItem\",\"position\":1,\"name\":\"Startseite\",\"item\":\"https:\/\/petite-pose.ch\/\"},{\"@type\":\"ListItem\",\"position\":2,\"name\":\"Die Region\"}]},{\"@type\":\"WebSite\",\"@id\":\"https:\/\/petite-pose.ch\/#website\",\"url\":\"https:\/\/petite-pose.ch\/\",\"name\":\"Petite Pose\",\"description\":\"\",\"alternateName\":\"\u201eLa petite pose\u201c ist ideal gelegen. In Gehdistanz zur n\u00e4chstgelegen Ortschaft, Buis-les-Baronnies, ohne direkte Nachbarschaft und doch nicht isoliert. Insgesamt finden 5 Personen bequem Platz in \u201ela petite pose\u201c.\",\"potentialAction\":[{\"@type\":\"SearchAction\",\"target\":{\"@type\":\"EntryPoint\",\"urlTemplate\":\"https:\/\/petite-pose.ch\/?s={search_term_string}\"},\"query-input\":{\"@type\":\"PropertyValueSpecification\",\"valueRequired\":true,\"valueName\":\"search_term_string\"}}],\"inLanguage\":\"fr-FR\"}]}<\/script>\n<!-- \/ Yoast SEO plugin. -->","yoast_head_json":{"title":"Die Region - Petite Pose","robots":{"index":"index","follow":"follow","max-snippet":"max-snippet:-1","max-image-preview":"max-image-preview:large","max-video-preview":"max-video-preview:-1"},"canonical":"https:\/\/petite-pose.ch\/fr\/region-baronnies-provencales\/","og_locale":"fr_FR","og_type":"article","og_title":"Die Region - Petite Pose","og_description":"Die Region Baronnies Proven\u00e7ales ist eine urt\u00fcmliche Naturlandschaft im n\u00f6rdlichen Teil der Provence. Abseits der grossen Touristenstr\u00f6me haben les Baronnies eine zauberhafte Unber\u00fchrtheit, Echtheit und einen speziellen Charme bewahrt.&nbsp;Die Landschaftsbilder wechseln sich auf kurzen Distanzen ab: liebliche T\u00e4ler, gr\u00fcne H\u00fcgel, schroffe Felsen, wilde Hochebenen. Und dazu gesellt sich das mediterrane, trockene Klima. Ein ideales Terroir [&hellip;]","og_url":"https:\/\/petite-pose.ch\/fr\/region-baronnies-provencales\/","og_site_name":"Petite Pose","article_modified_time":"2024-09-01T13:54:01+00:00","og_image":[{"width":1600,"height":460,"url":"https:\/\/petite-pose.ch\/wp-content\/uploads\/2023\/10\/Baronnies-provencales.jpeg","type":"image\/jpeg"}],"twitter_card":"summary_large_image","twitter_misc":{"Dur\u00e9e de lecture estim\u00e9e":"6 minutes"},"schema":{"@context":"https:\/\/schema.org","@graph":[{"@type":"WebPage","@id":"https:\/\/petite-pose.ch\/region-baronnies-provencales\/","url":"https:\/\/petite-pose.ch\/region-baronnies-provencales\/","name":"Die Region - Petite Pose","isPartOf":{"@id":"https:\/\/petite-pose.ch\/#website"},"primaryImageOfPage":{"@id":"https:\/\/petite-pose.ch\/region-baronnies-provencales\/#primaryimage"},"image":{"@id":"https:\/\/petite-pose.ch\/region-baronnies-provencales\/#primaryimage"},"thumbnailUrl":"https:\/\/petite-pose.ch\/wp-content\/uploads\/2023\/10\/Baronnies-provencales.jpeg","datePublished":"2023-10-17T13:18:34+00:00","dateModified":"2024-09-01T13:54:01+00:00","breadcrumb":{"@id":"https:\/\/petite-pose.ch\/region-baronnies-provencales\/#breadcrumb"},"inLanguage":"fr-FR","potentialAction":[{"@type":"ReadAction","target":["https:\/\/petite-pose.ch\/region-baronnies-provencales\/"]}]},{"@type":"ImageObject","inLanguage":"fr-FR","@id":"https:\/\/petite-pose.ch\/region-baronnies-provencales\/#primaryimage","url":"https:\/\/petite-pose.ch\/wp-content\/uploads\/2023\/10\/Baronnies-provencales.jpeg","contentUrl":"https:\/\/petite-pose.ch\/wp-content\/uploads\/2023\/10\/Baronnies-provencales.jpeg","width":1600,"height":460,"caption":"Region Baronnies Proven\u00e7ales"},{"@type":"BreadcrumbList","@id":"https:\/\/petite-pose.ch\/region-baronnies-provencales\/#breadcrumb","itemListElement":[{"@type":"ListItem","position":1,"name":"Startseite","item":"https:\/\/petite-pose.ch\/"},{"@type":"ListItem","position":2,"name":"Die Region"}]},{"@type":"WebSite","@id":"https:\/\/petite-pose.ch\/#website","url":"https:\/\/petite-pose.ch\/","name":"Petite Pose","description":"","alternateName":"\u201eLa petite pose\u201c ist ideal gelegen. In Gehdistanz zur n\u00e4chstgelegen Ortschaft, Buis-les-Baronnies, ohne direkte Nachbarschaft und doch nicht isoliert. Insgesamt finden 5 Personen bequem Platz in \u201ela petite pose\u201c.","potentialAction":[{"@type":"SearchAction","target":{"@type":"EntryPoint","urlTemplate":"https:\/\/petite-pose.ch\/?s={search_term_string}"},"query-input":{"@type":"PropertyValueSpecification","valueRequired":true,"valueName":"search_term_string"}}],"inLanguage":"fr-FR"}]}},"_links":{"self":[{"href":"https:\/\/petite-pose.ch\/fr\/wp-json\/wp\/v2\/pages\/29012","targetHints":{"allow":["GET"]}}],"collection":[{"href":"https:\/\/petite-pose.ch\/fr\/wp-json\/wp\/v2\/pages"}],"about":[{"href":"https:\/\/petite-pose.ch\/fr\/wp-json\/wp\/v2\/types\/page"}],"author":[{"embeddable":true,"href":"https:\/\/petite-pose.ch\/fr\/wp-json\/wp\/v2\/users\/1"}],"replies":[{"embeddable":true,"href":"https:\/\/petite-pose.ch\/fr\/wp-json\/wp\/v2\/comments?post=29012"}],"version-history":[{"count":5,"href":"https:\/\/petite-pose.ch\/fr\/wp-json\/wp\/v2\/pages\/29012\/revisions"}],"predecessor-version":[{"id":29270,"href":"https:\/\/petite-pose.ch\/fr\/wp-json\/wp\/v2\/pages\/29012\/revisions\/29270"}],"wp:featuredmedia":[{"embeddable":true,"href":"https:\/\/petite-pose.ch\/fr\/wp-json\/wp\/v2\/media\/29014"}],"wp:attachment":[{"href":"https:\/\/petite-pose.ch\/fr\/wp-json\/wp\/v2\/media?parent=29012"}],"curies":[{"name":"wp","href":"https:\/\/api.w.org\/{rel}","templated":true}]}}