{"id":28971,"date":"2023-09-18T19:47:21","date_gmt":"2023-09-18T17:47:21","guid":{"rendered":"https:\/\/petite-pose.plein.ch\/?page_id=28971"},"modified":"2024-09-01T16:00:30","modified_gmt":"2024-09-01T14:00:30","slug":"la-maison","status":"publish","type":"page","link":"https:\/\/petite-pose.ch\/fr\/das-haus\/","title":{"rendered":"La maison"},"content":{"rendered":"<p>Les murs de base de \u00ab la petite pose \u00bb avec sa cave datent de la fin du 19e si\u00e8cle. Pendant des d\u00e9cennies, la maison a servi de grenier \u00e0 grains. Beaucoup plus tard, la maison f\u00fbt agrandie, des chambres furent cr\u00e9es. \nEn 2014, nous avons achet\u00e9 le terrain environnant et la maison que nous avons enti\u00e8rement restaur\u00e9e. L\u2019int\u00e9rieur a re\u00e7u une cure de jouvence, les sanitaires et la cuisine sont aux go\u00fbts du jour et les chambres d\u00e9cor\u00e9es avec go\u00fbt.<\/p>\n\n\n\n<p>La maison se compose au rez-de-chauss\u00e9e d\u2019une chambre double (lit de 140 x 200 cm), une chambre \u00e0 un lit (90 x 200 cm), les WC et la salle de douche. Une belle cuisine ouverte donnant sur le coin \u00e0 manger avec son po\u00eale \u00e0 pellets et les terrasses.  \nAu premier \u00e9tage, une superbe pi\u00e8ce ouverte jusqu\u2019au toit avec un lit \u00e0 baldaquin (160 x 200 cm) et un bel espace salon avec vue sur la nature. La maison peut accueillir au maximum 5 personnes.\n \nUn grand jardin et deux terrasses offrent un bel espace ext\u00e9rieur avec vue sur un grand champ de lavande.<\/p>\n\n\n\n<p>Dans la cave de la maison est entrepos\u00e9e notre huile d\u2019olive \u00ab la Pose \u00bb. Notre production d\u2019huile artisanale a donn\u00e9 l\u2019id\u00e9e du nom de la maison. La cave d\u2019huile d\u2019olive n\u2019est pas ouverte au public, mais peut \u00eatre visit\u00e9e sur demande.<\/p>\n\n\n\n<p>La propri\u00e9t\u00e9 de 1,5 hectare b\u00e9n\u00e9ficie d\u2019un grand jardin en partie arbor\u00e9 avec des fruitiers et des oliviers, ainsi qu\u2019un magnifique champ de lavande. L\u2019espace piscine est privatif. Il comprend un bassin de 8 x 4,5 m\u00e8tres s\u00e9curis\u00e9, une cuisine d\u2019\u00e9t\u00e9 sous une tonnelle, une douche ext\u00e9rieure et des WC. En avant et arri\u00e8re-saison, la piscine est chauff\u00e9e.<br>Un espace p\u00e9tanque a \u00e9t\u00e9 cr\u00e9\u00e9 tout sp\u00e9cialement et offre une vue imprenable sur le \u00ab Rocher du Saint Julien \u00bb. Plusieurs terrasses - avec un barbecue mobil \u2013 invitent \u00e0 la d\u00e9tente. Une belle fontaine et un petit ruisseau d\u00e9limite la propri\u00e9t\u00e9.  \nTout le charme de la Provence!<\/p>\n\n\n\n<p>Cette maison individuelle de charme b\u00e9n\u00e9ficie de tout le confort moderne. Elle n\u2019a pas de vis-\u00e0-vis, mais n\u2019est pas isol\u00e9e. Elle est proche d\u2019un petit village proven\u00e7al que l\u2019on peut atteindre \u00e0 pied.<\/p>\n\n\n\n<p>Ferien in \u201ela petite pose\u201c und den Baronnies Proven\u00e7ales&nbsp;versprechen ein&nbsp;Naturerlebnis pur in einer intakten, noch wenig bekannten Region der Provence.<\/p>\n\n\n\n<h2 class=\"wp-block-heading\">Chambres, cuisine ouverte, terrasses<\/h2>\n\n\n\n<p>Au total, 5 personnes peuvent s'installer confortablement dans \"la petite pose\". WIFI est install\u00e9 dans toute la maison.<\/p>\n\n\n\n<p>Le premier \u00e9tage spacieux offre un lit double \u00e0 baldaquin (160 cm de large) ainsi qu'un \"espace lounge\" avec vue sur le Mont Ventoux.<br>Au rez-de-chauss\u00e9e se trouvent une grande chambre avec un lit double (140 cm), une chambre simple plus petite (90 cm) ainsi que la salle d'eau et les WC s\u00e9par\u00e9s.<br>La cuisine moderne enti\u00e8rement \u00e9quip\u00e9e est ouverte sur l\u2019espace coin \u00e0 manger. Vous pourrez d\u00e9guster les sp\u00e9cialit\u00e9s de la r\u00e9gion sur une table ancienne. Et le po\u00eale \u00e0 pellets r\u00e9chauffera agr\u00e9ablement vos soir\u00e9es d\u2019hiver.<br>La cuisine donne sur une grande terrasse avec vue sur une fontaine en granit du jura du 18e si\u00e8cle, sur un champ de lavandes et sur une nature proven\u00e7ale intacte. Un endroit magique pour d\u00e9buter la journ\u00e9e avec une bonne tasse de caf\u00e9 et en soir\u00e9e profiter d\u2019un coucher de soleil romantique.<\/p>\n\n\n\n<p>Nous avons d\u00e9cor\u00e9 la maison avec soin et les installations sont modernes, une machine \u00e0 laver le linge et le lave-vaisselle ne font pas d\u00e9faut. Tout est mis \u00e0 votre disposition pour un s\u00e9jour de r\u00eaves en Provence.<\/p>\n\n\n\n<h2 class=\"wp-block-heading\">L'espace piscine<\/h2>\n\n\n\n<p>Dans un \u00e9crin de verdure, ce magnifique espace privatif comprend la piscine de 8 x 4,5 m\u00e8tres s\u00e9curis\u00e9e et chauff\u00e9e en avant et apr\u00e8s saison, une cuisine d\u2019\u00e9t\u00e9 et son espace repas sous une tonnelle, une douche et des WC. \nUn grill mobil pour les soir\u00e9es barbecue est \u00e9galement \u00e0 disposition.<br>La propri\u00e9t\u00e9 b\u00e9n\u00e9ficie d\u2019un grand jardin en partie arbor\u00e9 par des fruitiers et des oliviers, ainsi qu\u2019un magnifique champ de lavande. L\u2019espace piscine offre une vue imprenable sur le \u00ab Rocher du Saint Julien \u00bb  et \u00e0 quelques pas, le terrain de p\u00e9tanque vous invite \u00e0 une partie anim\u00e9e entre amis.<\/p>\n\n\n\n<p>Vive la Provence, ici les r\u00eaves de soleil proven\u00e7al deviennent r\u00e9alit\u00e9 !<\/p>\n\n\n\n<h2 class=\"wp-block-heading\">Cave pour l\u2019huile d\u2019olive<\/h2>\n\n\n\n<p>Dans la cave du 19e si\u00e8cle, nous entreposons l\u2019huile d\u2019olive \u00ab La Pose \u00bb apr\u00e8s la r\u00e9colte chaque d\u00e9cembre.<br>Au total 1'200 litres sont r\u00e9partis dans quatre cuves en inox.<\/p>\n\n\n\n<p>En outre:<\/p>\n\n\n\n<ul class=\"wp-block-list\">\n<li>il existe des bouteilles originales de chaque mill\u00e9sime produit (chaque \"mill\u00e9sime\" est d\u00e9di\u00e9 \u00e0 un expert en olives)<\/li>\n\n\n\n<li>un \u00e9tabli d'une ancienne forge&nbsp;<\/li>\n\n\n\n<li>et un banc en bois pour s'attarder - avec vue sur la fontaine de Plattenbrunnen<\/li>\n<\/ul>\n\n\n\n<p>La cave d\u2019huile d\u2019olive n\u2019est pas ouverte au public, mais peut \u00eatre visit\u00e9e sur demande.\nPour de plus amples informations sur notre huile:&nbsp;<a href=\"https:\/\/www.lapose.ch\" target=\"_blank\" rel=\"noreferrer noopener\">https:\/\/www.lapose.ch<\/a>.<\/p>","protected":false},"excerpt":{"rendered":"<p>Die Grundmauern von \u201ela petite pose\u201c wurden im sp\u00e4ten 19. Jahrhundert erbaut. W\u00e4hrend Jahrzenten diente das Geb\u00e4ude als Getreidespeicher. Erst viel sp\u00e4ter sind dann Zimmer eingebaut und der Keller vergr\u00f6ssert worden. Im Jahr 2014 haben wir das bauf\u00e4llige Haus mit dem&nbsp;brachliegenden Land gekauft. Das Geb\u00e4ude haben wir vollst\u00e4ndig renoviert, zeitgem\u00e4sse sanit\u00e4re Anlagen installiert und die [&hellip;]<\/p>\n","protected":false},"author":1,"featured_media":28846,"parent":0,"menu_order":0,"comment_status":"closed","ping_status":"closed","template":"","meta":{"footnotes":""},"class_list":["post-28971","page","type-page","status-publish","has-post-thumbnail","hentry"],"yoast_head":"<!-- This site is optimized with the Yoast SEO plugin v27.0 - https:\/\/yoast.com\/product\/yoast-seo-wordpress\/ -->\n<title>Das Ferienhaus - Petite Pose<\/title>\n<meta name=\"robots\" content=\"index, follow, max-snippet:-1, max-image-preview:large, max-video-preview:-1\" \/>\n<link rel=\"canonical\" href=\"https:\/\/petite-pose.ch\/fr\/la-maison\/\" \/>\n<meta property=\"og:locale\" content=\"fr_FR\" \/>\n<meta property=\"og:type\" content=\"article\" \/>\n<meta property=\"og:title\" content=\"Das Ferienhaus - Petite Pose\" \/>\n<meta property=\"og:description\" content=\"Die Grundmauern von \u201ela petite pose\u201c wurden im sp\u00e4ten 19. Jahrhundert erbaut. W\u00e4hrend Jahrzenten diente das Geb\u00e4ude als Getreidespeicher. Erst viel sp\u00e4ter sind dann Zimmer eingebaut und der Keller vergr\u00f6ssert worden. Im Jahr 2014 haben wir das bauf\u00e4llige Haus mit dem&nbsp;brachliegenden Land gekauft. Das Geb\u00e4ude haben wir vollst\u00e4ndig renoviert, zeitgem\u00e4sse sanit\u00e4re Anlagen installiert und die [&hellip;]\" \/>\n<meta property=\"og:url\" content=\"https:\/\/petite-pose.ch\/fr\/la-maison\/\" \/>\n<meta property=\"og:site_name\" content=\"Petite Pose\" \/>\n<meta property=\"article:modified_time\" content=\"2024-09-01T14:00:30+00:00\" \/>\n<meta property=\"og:image\" content=\"https:\/\/petite-pose.ch\/wp-content\/uploads\/2023\/09\/Petite-Pose-Startseite-Banner-5-scaled.jpeg\" \/>\n\t<meta property=\"og:image:width\" content=\"2560\" \/>\n\t<meta property=\"og:image:height\" content=\"1440\" \/>\n\t<meta property=\"og:image:type\" content=\"image\/jpeg\" \/>\n<meta name=\"twitter:card\" content=\"summary_large_image\" \/>\n<meta name=\"twitter:label1\" content=\"Dur\u00e9e de lecture estim\u00e9e\" \/>\n\t<meta name=\"twitter:data1\" content=\"4 minutes\" \/>\n<script type=\"application\/ld+json\" class=\"yoast-schema-graph\">{\"@context\":\"https:\/\/schema.org\",\"@graph\":[{\"@type\":\"WebPage\",\"@id\":\"https:\/\/petite-pose.ch\/das-haus\/\",\"url\":\"https:\/\/petite-pose.ch\/das-haus\/\",\"name\":\"Das Ferienhaus - Petite Pose\",\"isPartOf\":{\"@id\":\"https:\/\/petite-pose.ch\/#website\"},\"primaryImageOfPage\":{\"@id\":\"https:\/\/petite-pose.ch\/das-haus\/#primaryimage\"},\"image\":{\"@id\":\"https:\/\/petite-pose.ch\/das-haus\/#primaryimage\"},\"thumbnailUrl\":\"https:\/\/petite-pose.ch\/wp-content\/uploads\/2023\/09\/Petite-Pose-Startseite-Banner-5-scaled.jpeg\",\"datePublished\":\"2023-09-18T17:47:21+00:00\",\"dateModified\":\"2024-09-01T14:00:30+00:00\",\"breadcrumb\":{\"@id\":\"https:\/\/petite-pose.ch\/das-haus\/#breadcrumb\"},\"inLanguage\":\"fr-FR\",\"potentialAction\":[{\"@type\":\"ReadAction\",\"target\":[\"https:\/\/petite-pose.ch\/das-haus\/\"]}]},{\"@type\":\"ImageObject\",\"inLanguage\":\"fr-FR\",\"@id\":\"https:\/\/petite-pose.ch\/das-haus\/#primaryimage\",\"url\":\"https:\/\/petite-pose.ch\/wp-content\/uploads\/2023\/09\/Petite-Pose-Startseite-Banner-5-scaled.jpeg\",\"contentUrl\":\"https:\/\/petite-pose.ch\/wp-content\/uploads\/2023\/09\/Petite-Pose-Startseite-Banner-5-scaled.jpeg\",\"width\":2560,\"height\":1440},{\"@type\":\"BreadcrumbList\",\"@id\":\"https:\/\/petite-pose.ch\/das-haus\/#breadcrumb\",\"itemListElement\":[{\"@type\":\"ListItem\",\"position\":1,\"name\":\"Startseite\",\"item\":\"https:\/\/petite-pose.ch\/\"},{\"@type\":\"ListItem\",\"position\":2,\"name\":\"Das Ferienhaus\"}]},{\"@type\":\"WebSite\",\"@id\":\"https:\/\/petite-pose.ch\/#website\",\"url\":\"https:\/\/petite-pose.ch\/\",\"name\":\"Petite Pose\",\"description\":\"\",\"alternateName\":\"\u201eLa petite pose\u201c ist ideal gelegen. In Gehdistanz zur n\u00e4chstgelegen Ortschaft, Buis-les-Baronnies, ohne direkte Nachbarschaft und doch nicht isoliert. Insgesamt finden 5 Personen bequem Platz in \u201ela petite pose\u201c.\",\"potentialAction\":[{\"@type\":\"SearchAction\",\"target\":{\"@type\":\"EntryPoint\",\"urlTemplate\":\"https:\/\/petite-pose.ch\/?s={search_term_string}\"},\"query-input\":{\"@type\":\"PropertyValueSpecification\",\"valueRequired\":true,\"valueName\":\"search_term_string\"}}],\"inLanguage\":\"fr-FR\"}]}<\/script>\n<!-- \/ Yoast SEO plugin. -->","yoast_head_json":{"title":"Das Ferienhaus - Petite Pose","robots":{"index":"index","follow":"follow","max-snippet":"max-snippet:-1","max-image-preview":"max-image-preview:large","max-video-preview":"max-video-preview:-1"},"canonical":"https:\/\/petite-pose.ch\/fr\/la-maison\/","og_locale":"fr_FR","og_type":"article","og_title":"Das Ferienhaus - Petite Pose","og_description":"Die Grundmauern von \u201ela petite pose\u201c wurden im sp\u00e4ten 19. Jahrhundert erbaut. W\u00e4hrend Jahrzenten diente das Geb\u00e4ude als Getreidespeicher. Erst viel sp\u00e4ter sind dann Zimmer eingebaut und der Keller vergr\u00f6ssert worden. Im Jahr 2014 haben wir das bauf\u00e4llige Haus mit dem&nbsp;brachliegenden Land gekauft. Das Geb\u00e4ude haben wir vollst\u00e4ndig renoviert, zeitgem\u00e4sse sanit\u00e4re Anlagen installiert und die [&hellip;]","og_url":"https:\/\/petite-pose.ch\/fr\/la-maison\/","og_site_name":"Petite Pose","article_modified_time":"2024-09-01T14:00:30+00:00","og_image":[{"width":2560,"height":1440,"url":"https:\/\/petite-pose.ch\/wp-content\/uploads\/2023\/09\/Petite-Pose-Startseite-Banner-5-scaled.jpeg","type":"image\/jpeg"}],"twitter_card":"summary_large_image","twitter_misc":{"Dur\u00e9e de lecture estim\u00e9e":"4 minutes"},"schema":{"@context":"https:\/\/schema.org","@graph":[{"@type":"WebPage","@id":"https:\/\/petite-pose.ch\/das-haus\/","url":"https:\/\/petite-pose.ch\/das-haus\/","name":"Das Ferienhaus - Petite Pose","isPartOf":{"@id":"https:\/\/petite-pose.ch\/#website"},"primaryImageOfPage":{"@id":"https:\/\/petite-pose.ch\/das-haus\/#primaryimage"},"image":{"@id":"https:\/\/petite-pose.ch\/das-haus\/#primaryimage"},"thumbnailUrl":"https:\/\/petite-pose.ch\/wp-content\/uploads\/2023\/09\/Petite-Pose-Startseite-Banner-5-scaled.jpeg","datePublished":"2023-09-18T17:47:21+00:00","dateModified":"2024-09-01T14:00:30+00:00","breadcrumb":{"@id":"https:\/\/petite-pose.ch\/das-haus\/#breadcrumb"},"inLanguage":"fr-FR","potentialAction":[{"@type":"ReadAction","target":["https:\/\/petite-pose.ch\/das-haus\/"]}]},{"@type":"ImageObject","inLanguage":"fr-FR","@id":"https:\/\/petite-pose.ch\/das-haus\/#primaryimage","url":"https:\/\/petite-pose.ch\/wp-content\/uploads\/2023\/09\/Petite-Pose-Startseite-Banner-5-scaled.jpeg","contentUrl":"https:\/\/petite-pose.ch\/wp-content\/uploads\/2023\/09\/Petite-Pose-Startseite-Banner-5-scaled.jpeg","width":2560,"height":1440},{"@type":"BreadcrumbList","@id":"https:\/\/petite-pose.ch\/das-haus\/#breadcrumb","itemListElement":[{"@type":"ListItem","position":1,"name":"Startseite","item":"https:\/\/petite-pose.ch\/"},{"@type":"ListItem","position":2,"name":"Das Ferienhaus"}]},{"@type":"WebSite","@id":"https:\/\/petite-pose.ch\/#website","url":"https:\/\/petite-pose.ch\/","name":"Petite Pose","description":"","alternateName":"\u201eLa petite pose\u201c ist ideal gelegen. In Gehdistanz zur n\u00e4chstgelegen Ortschaft, Buis-les-Baronnies, ohne direkte Nachbarschaft und doch nicht isoliert. Insgesamt finden 5 Personen bequem Platz in \u201ela petite pose\u201c.","potentialAction":[{"@type":"SearchAction","target":{"@type":"EntryPoint","urlTemplate":"https:\/\/petite-pose.ch\/?s={search_term_string}"},"query-input":{"@type":"PropertyValueSpecification","valueRequired":true,"valueName":"search_term_string"}}],"inLanguage":"fr-FR"}]}},"_links":{"self":[{"href":"https:\/\/petite-pose.ch\/fr\/wp-json\/wp\/v2\/pages\/28971","targetHints":{"allow":["GET"]}}],"collection":[{"href":"https:\/\/petite-pose.ch\/fr\/wp-json\/wp\/v2\/pages"}],"about":[{"href":"https:\/\/petite-pose.ch\/fr\/wp-json\/wp\/v2\/types\/page"}],"author":[{"embeddable":true,"href":"https:\/\/petite-pose.ch\/fr\/wp-json\/wp\/v2\/users\/1"}],"replies":[{"embeddable":true,"href":"https:\/\/petite-pose.ch\/fr\/wp-json\/wp\/v2\/comments?post=28971"}],"version-history":[{"count":12,"href":"https:\/\/petite-pose.ch\/fr\/wp-json\/wp\/v2\/pages\/28971\/revisions"}],"predecessor-version":[{"id":29271,"href":"https:\/\/petite-pose.ch\/fr\/wp-json\/wp\/v2\/pages\/28971\/revisions\/29271"}],"wp:featuredmedia":[{"embeddable":true,"href":"https:\/\/petite-pose.ch\/fr\/wp-json\/wp\/v2\/media\/28846"}],"wp:attachment":[{"href":"https:\/\/petite-pose.ch\/fr\/wp-json\/wp\/v2\/media?parent=28971"}],"curies":[{"name":"wp","href":"https:\/\/api.w.org\/{rel}","templated":true}]}}